{"id":360,"date":"2016-04-06T14:34:36","date_gmt":"2016-04-06T13:34:36","guid":{"rendered":"https:\/\/www.louisfavre21.ch\/de\/hotel-petit-dejeuner-inclus-neuchatel\/"},"modified":"2016-07-27T09:36:40","modified_gmt":"2016-07-27T08:36:40","slug":"hotel-petit-dejeuner-inclus-neuchatel","status":"publish","type":"page","link":"https:\/\/www.louisfavre21.ch\/de\/hotel-petit-dejeuner-inclus-neuchatel\/","title":{"rendered":"Chill-out corner"},"content":{"rendered":"<div class=\"wpb-content-wrapper\">[vc_row fullwidth=&#8220;true&#8220; equal_columns=&#8220;true&#8220; attached=&#8220;true&#8220;][vc_column width=&#8220;1\/3&#8243;][\/vc_column][vc_column width=&#8220;2\/3&#8243; css=&#8220;.vc_custom_1459871704013{background-color: #ffffff !important;}&#8220;][vc_row_inner css=&#8220;.vc_custom_1469525684879{padding-top: 200px !important;padding-bottom: 225px !important;background-image: url(https:\/\/www.louisfavre21.ch\/wp-content\/uploads\/2016\/04\/Espace-commun-originaux-neuchatel.jpg?id=469) !important;background-position: center !important;background-repeat: no-repeat !important;background-size: cover !important;}&#8220;][vc_column_inner][mk_fancy_title color=&#8220;#ffffff&#8220; size=&#8220;50&#8243; txt_transform=&#8220;uppercase&#8220; margin_top=&#8220;30&#8243; margin_bottom=&#8220;40&#8243; font_family=&#8220;Pompiere&#8220; font_type=&#8220;google&#8220; align=&#8220;center&#8220; animation=&#8220;bottom-to-top&#8220;]Breakfast Corner[\/mk_fancy_title][\/vc_column_inner][\/vc_row_inner][vc_row_inner css=&#8220;.vc_custom_1460120511544{padding-top: 50px !important;padding-right: 50px !important;padding-bottom: 50px !important;padding-left: 50px !important;background-color: #ffffff !important;}&#8220;][vc_column_inner][vc_column_text align=&#8220;center&#8220;]\n<p style=\"text-align: center;\">In einer freundlichen und warmen Atmosph\u00e4re, freuen wir uns, Ihnen ein gesundes, ausgewogenes Fr\u00fchst\u00fcck zu servieren, f\u00fcr einen beschwingten Start in den Tag. Im Breakfast Corner bieten wir den ganzen Tag Kaffee an. Auch Gesellschaftsspiele und TV stehen zur Verf\u00fcgung.<\/p>\n[\/vc_column_text][vc_empty_space height=&#8220;40px&#8220;][mk_button dimension=&#8220;flat&#8220; corner_style=&#8220;rounded&#8220; size=&#8220;medium&#8220; url=&#8220;https:\/\/www.louisfavre21.ch\/de\/chambre-hotes-neuchatel\/&#8220; align=&#8220;center&#8220; margin_right=&#8220;0&#8243; bg_color=&#8220;#594f4c&#8220; btn_hover_bg=&#8220;#747583&#8243;]Buchungsanfrage[\/mk_button][\/vc_column_inner][\/vc_row_inner][\/vc_column][\/vc_row][mk_page_section bg_image=&#8220;https:\/\/www.louisfavre21.ch\/wp-content\/uploads\/2016\/04\/Louis-favre-21-auberge-de-jeunesse-Neuchatel.jpg&#8220; bg_position=&#8220;right top&#8220; bg_repeat=&#8220;no-repeat&#8220; bg_stretch=&#8220;true&#8220; min_height=&#8220;501&#8243; full_width=&#8220;true&#8220; sidebar=&#8220;sidebar-1&#8243;][vc_column][\/vc_column][\/mk_page_section]\n<\/div>","protected":false},"excerpt":{"rendered":"<p>[vc_row fullwidth=&#8220;true&#8220; equal_columns=&#8220;true&#8220; attached=&#8220;true&#8220;][vc_column width=&#8220;1\/3&#8243;][\/vc_column][vc_column width=&#8220;2\/3&#8243; css=&#8220;.vc_custom_1459871704013{background-color: #ffffff !important;}&#8220;][vc_row_inner css=&#8220;.vc_custom_1469525684879{padding-top: 200px !important;padding-bottom: 225px !important;background-image: url(https:\/\/www.louisfavre21.ch\/wp-content\/uploads\/2016\/04\/Espace-commun-originaux-neuchatel.jpg?id=469) !important;background-position: center !important;background-repeat: no-repeat !important;background-size: cover !important;}&#8220;][vc_column_inner][mk_fancy_title color=&#8220;#ffffff&#8220; size=&#8220;50&#8243; txt_transform=&#8220;uppercase&#8220; margin_top=&#8220;30&#8243; margin_bottom=&#8220;40&#8243; font_family=&#8220;Pompiere&#8220; font_type=&#8220;google&#8220; align=&#8220;center&#8220; animation=&#8220;bottom-to-top&#8220;]Breakfast Corner[\/mk_fancy_title][\/vc_column_inner][\/vc_row_inner][vc_row_inner css=&#8220;.vc_custom_1460120511544{padding-top: 50px !important;padding-right: 50px !important;padding-bottom: 50px !important;padding-left: 50px !important;background-color: #ffffff !important;}&#8220;][vc_column_inner][vc_column_text align=&#8220;center&#8220;] In einer freundlichen und warmen Atmosph\u00e4re, freuen wir uns, Ihnen ein [&hellip;]<\/p>\n","protected":false},"author":2,"featured_media":0,"parent":0,"menu_order":0,"comment_status":"closed","ping_status":"closed","template":"","meta":{"footnotes":""},"class_list":["post-360","page","type-page","status-publish","hentry"],"aioseo_notices":[],"_links":{"self":[{"href":"https:\/\/www.louisfavre21.ch\/de\/wp-json\/wp\/v2\/pages\/360","targetHints":{"allow":["GET"]}}],"collection":[{"href":"https:\/\/www.louisfavre21.ch\/de\/wp-json\/wp\/v2\/pages"}],"about":[{"href":"https:\/\/www.louisfavre21.ch\/de\/wp-json\/wp\/v2\/types\/page"}],"author":[{"embeddable":true,"href":"https:\/\/www.louisfavre21.ch\/de\/wp-json\/wp\/v2\/users\/2"}],"replies":[{"embeddable":true,"href":"https:\/\/www.louisfavre21.ch\/de\/wp-json\/wp\/v2\/comments?post=360"}],"version-history":[{"count":8,"href":"https:\/\/www.louisfavre21.ch\/de\/wp-json\/wp\/v2\/pages\/360\/revisions"}],"predecessor-version":[{"id":550,"href":"https:\/\/www.louisfavre21.ch\/de\/wp-json\/wp\/v2\/pages\/360\/revisions\/550"}],"wp:attachment":[{"href":"https:\/\/www.louisfavre21.ch\/de\/wp-json\/wp\/v2\/media?parent=360"}],"curies":[{"name":"wp","href":"https:\/\/api.w.org\/{rel}","templated":true}]}}