{"id":331,"date":"2016-04-05T14:01:19","date_gmt":"2016-04-05T13:01:19","guid":{"rendered":"https:\/\/www.louisfavre21.ch\/de\/accueil\/"},"modified":"2019-06-12T11:26:29","modified_gmt":"2019-06-12T10:26:29","slug":"accueil","status":"publish","type":"page","link":"https:\/\/www.louisfavre21.ch\/de\/","title":{"rendered":"Empfang"},"content":{"rendered":"<div class=\"wpb-content-wrapper\">[mk_page_section bg_image=&#8220;https:\/\/www.louisfavre21.ch\/wp-content\/uploads\/2016\/04\/Louis-favre-21-auberge-de-jeunesse-Neuchatel.jpg&#8220; attachment=&#8220;fixed&#8220; bg_stretch=&#8220;true&#8220; min_height=&#8220;0&#8243; padding_top=&#8220;0&#8243; padding_bottom=&#8220;0&#8243; skip_arrow=&#8220;true&#8220; top_shape_color=&#8220;#ffffff&#8220; bottom_shape_color=&#8220;#ffffff&#8220; sidebar=&#8220;sidebar-1&#8243;][vc_column][vc_empty_space height=&#8220;100px&#8220;][vc_single_image image=&#8220;24&#8243; img_size=&#8220;full&#8220; alignment=&#8220;center&#8220; css_animation=&#8220;top-to-bottom&#8220;][vc_empty_space height=&#8220;100px&#8220;][mk_fancy_title tag_name=&#8220;h1&#8243; font_family=&#8220;none&#8220; el_class=&#8220;seoh1title&#8220;]Louis-Favre 21 ist ein gut gelegenes Bed and Breakfast in Neuenburg. Bahnhof und Stadtzentrum sind in 5 Minuten zu Fuss erreichbar. Nur 900 Meter vom See entfernt, genie\u00dfen Sie einen angenehmen Aufenthalt in einer friedlichen und lebendigen Umgebung. Das charmante G\u00e4stehaus vermietet auch eine grosse unabh\u00e4ngige Wohnung f\u00fcr Kurzaufenthalte.[\/mk_fancy_title][\/vc_column][\/mk_page_section][vc_row fullwidth=&#8220;true&#8220;][vc_column][vc_column_text]\n<!-- UberMenu [Configuration:main] [Theme Loc:] [Integration:api] -->\n<a class=\"ubermenu-responsive-toggle ubermenu-responsive-toggle-main ubermenu-skin-grey-white ubermenu-loc- ubermenu-responsive-toggle-content-align-left ubermenu-responsive-toggle-align-full \" data-ubermenu-target=\"ubermenu-main-2\"><i class=\"fa fa-bars\"><\/i>Menu<\/a><nav id=\"ubermenu-main-2\" class=\"ubermenu ubermenu-nojs ubermenu-main ubermenu-menu-2 ubermenu-responsive ubermenu-responsive-default ubermenu-responsive-collapse ubermenu-horizontal ubermenu-transition-shift ubermenu-trigger-hover_intent ubermenu-skin-grey-white  ubermenu-bar-align-full ubermenu-items-align-center ubermenu-bound ubermenu-disable-submenu-scroll ubermenu-sub-indicators ubermenu-retractors-responsive\"><ul id=\"ubermenu-nav-main-2\" class=\"ubermenu-nav\"><li id=\"menu-item-406\" class=\"ubermenu-item ubermenu-item-type-post_type ubermenu-item-object-page ubermenu-item-home ubermenu-item-406 ubermenu-item-level-0 ubermenu-column ubermenu-column-auto\" ><a class=\"ubermenu-target ubermenu-item-layout-default ubermenu-item-layout-text_only\" href=\"https:\/\/www.louisfavre21.ch\/de\/\" tabindex=\"0\"><span class=\"ubermenu-target-title ubermenu-target-text\">Empfang<\/span><\/a><\/li><li id=\"menu-item-405\" class=\"ubermenu-item ubermenu-item-type-post_type ubermenu-item-object-page ubermenu-item-405 ubermenu-item-level-0 ubermenu-column ubermenu-column-auto\" ><a class=\"ubermenu-target ubermenu-item-layout-default ubermenu-item-layout-text_only\" href=\"https:\/\/www.louisfavre21.ch\/de\/bnb-centre-ville-neuchatel\/\" tabindex=\"0\"><span class=\"ubermenu-target-title ubermenu-target-text\">Die Zimmer<\/span><\/a><\/li><li id=\"menu-item-404\" class=\"ubermenu-item ubermenu-item-type-post_type ubermenu-item-object-page ubermenu-item-404 ubermenu-item-level-0 ubermenu-column ubermenu-column-auto\" ><a class=\"ubermenu-target ubermenu-item-layout-default ubermenu-item-layout-text_only\" href=\"https:\/\/www.louisfavre21.ch\/de\/location-appartement-courte-duree-neuchatel\/\" tabindex=\"0\"><span class=\"ubermenu-target-title ubermenu-target-text\">Die Wohnung<\/span><\/a><\/li><li id=\"menu-item-708\" class=\"ubermenu-item ubermenu-item-type-custom ubermenu-item-object-custom ubermenu-item-708 ubermenu-item-level-0 ubermenu-column ubermenu-column-auto\" ><a class=\"ubermenu-target ubermenu-item-layout-default ubermenu-item-layout-text_only\" target=\"_blank\" href=\"https:\/\/direct-book.com\/properties\/bandblouisfavredirect?locale=de\" tabindex=\"0\"><span class=\"ubermenu-target-title ubermenu-target-text\">Buchungssanfrage<\/span><\/a><\/li><li id=\"menu-item-403\" class=\"ubermenu-item ubermenu-item-type-post_type ubermenu-item-object-page ubermenu-item-403 ubermenu-item-level-0 ubermenu-column ubermenu-column-auto\" ><a class=\"ubermenu-target ubermenu-item-layout-default ubermenu-item-layout-text_only\" href=\"https:\/\/www.louisfavre21.ch\/de\/hotel-petit-dejeuner-inclus-neuchatel\/\" tabindex=\"0\"><span class=\"ubermenu-target-title ubermenu-target-text\">Chill-out corner<\/span><\/a><\/li><li id=\"menu-item-401\" class=\"ubermenu-item ubermenu-item-type-post_type ubermenu-item-object-page ubermenu-item-401 ubermenu-item-level-0 ubermenu-column ubermenu-column-auto\" ><a class=\"ubermenu-target ubermenu-item-layout-default ubermenu-item-layout-text_only\" href=\"https:\/\/www.louisfavre21.ch\/de\/bnb-neuchatel-avec-wifi\/\" tabindex=\"0\"><span class=\"ubermenu-target-title ubermenu-target-text\">Geschenkgutschein<\/span><\/a><\/li><li id=\"menu-item-399\" class=\"ubermenu-item ubermenu-item-type-post_type ubermenu-item-object-page ubermenu-item-399 ubermenu-item-level-0 ubermenu-column ubermenu-column-auto\" ><a class=\"ubermenu-target ubermenu-item-layout-default ubermenu-item-layout-text_only\" href=\"https:\/\/www.louisfavre21.ch\/de\/contact\/\" tabindex=\"0\"><span class=\"ubermenu-target-title ubermenu-target-text\">Kontakt<\/span><\/a><\/li><li id=\"menu-item-wpml-ls-2-fr\" class=\"menu-item-language ubermenu-item ubermenu-wpml-ls-slot-2 ubermenu-wpml-ls-item ubermenu-wpml-ls-item-fr ubermenu-wpml-ls-menu-item ubermenu-wpml-ls-first-item ubermenu-item-type-wpml_ls_menu_item ubermenu-item-object-wpml_ls_menu_item ubermenu-item-wpml-ls-2-fr ubermenu-item-level-0 ubermenu-column ubermenu-column-auto\" ><a class=\"ubermenu-target ubermenu-item-layout-default ubermenu-item-layout-text_only\" title=\"Zu Franz\u00f6sisch wechseln\" href=\"https:\/\/www.louisfavre21.ch\/\" tabindex=\"0\" aria-label=\"Zu Franz\u00f6sisch wechseln\" role=\"menuitem\"><span class=\"ubermenu-target-title ubermenu-target-text\"><img decoding=\"async\"\n            class=\"wpml-ls-flag\"\n            src=\"https:\/\/www.louisfavre21.ch\/wp-content\/plugins\/sitepress-multilingual-cms\/res\/flags\/fr.png\"\n            alt=\"Franz\u00f6sisch\"\n            \n            \n    \/><\/span><\/a><\/li><li id=\"menu-item-wpml-ls-2-en\" class=\"menu-item-language ubermenu-item ubermenu-wpml-ls-slot-2 ubermenu-wpml-ls-item ubermenu-wpml-ls-item-en ubermenu-wpml-ls-menu-item ubermenu-item-type-wpml_ls_menu_item ubermenu-item-object-wpml_ls_menu_item ubermenu-item-wpml-ls-2-en ubermenu-item-level-0 ubermenu-column ubermenu-column-auto\" ><a class=\"ubermenu-target ubermenu-item-layout-default ubermenu-item-layout-text_only\" title=\"Zu Englisch wechseln\" href=\"https:\/\/www.louisfavre21.ch\/en\/\" tabindex=\"0\" aria-label=\"Zu Englisch wechseln\" role=\"menuitem\"><span class=\"ubermenu-target-title ubermenu-target-text\"><img decoding=\"async\"\n            class=\"wpml-ls-flag\"\n            src=\"https:\/\/www.louisfavre21.ch\/wp-content\/plugins\/sitepress-multilingual-cms\/res\/flags\/en.png\"\n            alt=\"Englisch\"\n            \n            \n    \/><\/span><\/a><\/li><li id=\"menu-item-wpml-ls-2-de\" class=\"menu-item-language menu-item-language-current ubermenu-item ubermenu-wpml-ls-slot-2 ubermenu-wpml-ls-item ubermenu-wpml-ls-item-de ubermenu-wpml-ls-current-language ubermenu-wpml-ls-menu-item ubermenu-wpml-ls-last-item ubermenu-item-type-wpml_ls_menu_item ubermenu-item-object-wpml_ls_menu_item ubermenu-item-wpml-ls-2-de ubermenu-item-level-0 ubermenu-column ubermenu-column-auto\" ><a class=\"ubermenu-target ubermenu-item-layout-default ubermenu-item-layout-text_only\" href=\"https:\/\/www.louisfavre21.ch\/de\/\" tabindex=\"0\" role=\"menuitem\"><span class=\"ubermenu-target-title ubermenu-target-text\"><img decoding=\"async\"\n            class=\"wpml-ls-flag\"\n            src=\"https:\/\/www.louisfavre21.ch\/wp-content\/plugins\/sitepress-multilingual-cms\/res\/flags\/de.png\"\n            alt=\"Deutsch\"\n            \n            \n    \/><\/span><\/a><\/li><\/ul><\/nav>\n<!-- End UberMenu -->\n[\/vc_column_text][vc_column_text][\/vc_column_text][vc_column_text css=&#8220;.vc_custom_1560335186738{margin-bottom: 0px !important;padding-top: 40px !important;}&#8220;]\n<h3 style=\"text-align: center;\">Eine innovative und ansprechende Unterkunft zu erschwinglichen Preisen in einer einladenden und professionellen Atmosph\u00e4re.<br \/>8 Zimmer<br \/>1 x 2-Zimmer-Wohnung<\/h3>\n[\/vc_column_text][\/vc_column][\/vc_row][vc_row css=&#8220;.vc_custom_1463047930052{padding-top: 100px !important;padding-bottom: 20px !important;}&#8220;][vc_column width=&#8220;1\/2&#8243;][mk_fancy_title font_family=&#8220;none&#8220; align=&#8220;center&#8220;]Features[\/mk_fancy_title][vc_column_text]\n<ul>\n<li><strong>5 Min. zu Fuss vom Bahnhof<\/strong><\/li>\n<li><strong>5 Min. zu Fuss von der Innenstadt und vom See<\/strong><\/li>\n<li><strong>\u00d6ffentliche Verkehrsmittel 30 Meter entfernt<\/strong><\/li>\n<li><strong>Gratis Parkplatz auf Anfrage<\/strong><\/li>\n<li>Kostenloses Wifi im gesamten B&amp;B<\/li>\n<li>Kostenlose Transportkarte im ganzen Kanton w\u00e4hrend des Aufenthalts<\/li>\n<li>Fr\u00fchst\u00fcck im Preis inbegriffen<\/li>\n<li>Einladender Gemeinschaftsbereich<\/li>\n<li>Auskunft \u00fcber das touristische Angebot der Gegend<\/li>\n<li>Velovermietung<\/li>\n<li>Waschraum<\/li>\n<li>Kurtaxe wird separat verrechnet<\/li>\n<\/ul>\n[\/vc_column_text][\/vc_column][vc_column width=&#8220;1\/4&#8243;][vc_single_image image=&#8220;432&#8243; img_size=&#8220;300&#215;232&#8243;][vc_single_image image=&#8220;431&#8243; img_size=&#8220;300&#215;232&#8243;][\/vc_column][vc_column width=&#8220;1\/4&#8243;][vc_single_image image=&#8220;433&#8243; img_size=&#8220;300&#215;232&#8243;][vc_single_image image=&#8220;434&#8243; img_size=&#8220;300&#215;232&#8243;][\/vc_column][\/vc_row][vc_row css=&#8220;.vc_custom_1463045580722{padding-top: 50px !important;padding-bottom: 100px !important;}&#8220;][vc_column][vc_column_text]\n<p style=\"text-align: center;\">Eine innovative und ansprechende Unterkunft zu erschwinglichen Preisen in einer einladenden und professionellen Atmosph\u00e4re.<br \/>\n8 Zimmer<br \/>\n1 x 2-Zimmer-Wohnung[\/vc_column_text][\/vc_column][\/vc_row]\n<\/div>","protected":false},"excerpt":{"rendered":"<p>[mk_page_section bg_image=&#8220;https:\/\/www.louisfavre21.ch\/wp-content\/uploads\/2016\/04\/Louis-favre-21-auberge-de-jeunesse-Neuchatel.jpg&#8220; attachment=&#8220;fixed&#8220; bg_stretch=&#8220;true&#8220; min_height=&#8220;0&#8243; padding_top=&#8220;0&#8243; padding_bottom=&#8220;0&#8243; skip_arrow=&#8220;true&#8220; top_shape_color=&#8220;#ffffff&#8220; bottom_shape_color=&#8220;#ffffff&#8220; sidebar=&#8220;sidebar-1&#8243;][vc_column][vc_empty_space height=&#8220;100px&#8220;][vc_single_image image=&#8220;24&#8243; img_size=&#8220;full&#8220; alignment=&#8220;center&#8220; css_animation=&#8220;top-to-bottom&#8220;][vc_empty_space height=&#8220;100px&#8220;][mk_fancy_title tag_name=&#8220;h1&#8243; font_family=&#8220;none&#8220; el_class=&#8220;seoh1title&#8220;]Louis-Favre 21 ist ein gut gelegenes Bed and Breakfast in Neuenburg. Bahnhof und Stadtzentrum sind in 5 Minuten zu Fuss erreichbar. Nur 900 Meter vom See entfernt, genie\u00dfen Sie einen angenehmen Aufenthalt in einer friedlichen und [&hellip;]<\/p>\n","protected":false},"author":2,"featured_media":0,"parent":0,"menu_order":0,"comment_status":"closed","ping_status":"closed","template":"","meta":{"footnotes":""},"class_list":["post-331","page","type-page","status-publish","hentry"],"aioseo_notices":[],"_links":{"self":[{"href":"https:\/\/www.louisfavre21.ch\/de\/wp-json\/wp\/v2\/pages\/331","targetHints":{"allow":["GET"]}}],"collection":[{"href":"https:\/\/www.louisfavre21.ch\/de\/wp-json\/wp\/v2\/pages"}],"about":[{"href":"https:\/\/www.louisfavre21.ch\/de\/wp-json\/wp\/v2\/types\/page"}],"author":[{"embeddable":true,"href":"https:\/\/www.louisfavre21.ch\/de\/wp-json\/wp\/v2\/users\/2"}],"replies":[{"embeddable":true,"href":"https:\/\/www.louisfavre21.ch\/de\/wp-json\/wp\/v2\/comments?post=331"}],"version-history":[{"count":6,"href":"https:\/\/www.louisfavre21.ch\/de\/wp-json\/wp\/v2\/pages\/331\/revisions"}],"predecessor-version":[{"id":610,"href":"https:\/\/www.louisfavre21.ch\/de\/wp-json\/wp\/v2\/pages\/331\/revisions\/610"}],"wp:attachment":[{"href":"https:\/\/www.louisfavre21.ch\/de\/wp-json\/wp\/v2\/media?parent=331"}],"curies":[{"name":"wp","href":"https:\/\/api.w.org\/{rel}","templated":true}]}}